{"id":783,"date":"2023-03-19T02:55:37","date_gmt":"2023-03-19T02:55:37","guid":{"rendered":"https:\/\/cozystay.loftocean.com\/island-resort\/?page_id=783"},"modified":"2024-11-08T15:03:14","modified_gmt":"2024-11-08T13:03:14","slug":"uudised","status":"publish","type":"page","link":"https:\/\/ilmaveere.ee\/dev\/uudised\/","title":{"rendered":"Uudised"},"content":{"rendered":"\t\t<div data-elementor-type=\"wp-page\" data-elementor-id=\"783\" class=\"elementor elementor-783\">\n\t\t\t\t\t\t<section class=\"elementor-section elementor-top-section elementor-element elementor-element-51b883a elementor-section-height-min-height cs-section-content-fullwidth cs-parallax-on-scroll cs_scroll_y_100 elementor-section-boxed elementor-section-height-default elementor-section-items-middle\" data-id=\"51b883a\" data-element_type=\"section\" data-e-type=\"section\" data-settings=\"{&quot;background_background&quot;:&quot;classic&quot;}\" data-cs-parallax-y=\"100\" style=\"background-image: none;\" data-cs-background-image=\"https:\/\/ilmaveere.ee\/dev\/wp-content\/uploads\/2024\/04\/ilmaveere-lenna-lauri-1.jpg\">\n\t\t\t\t\t\t\t<div class=\"elementor-background-overlay\"><\/div>\n\t\t\t\t\t\t\t<div class=\"elementor-container elementor-column-gap-no\">\n\t\t\t\t\t<div class=\"elementor-column elementor-col-100 elementor-top-column elementor-element elementor-element-f8603f5 dark-color\" data-id=\"f8603f5\" data-element_type=\"column\" data-e-type=\"column\">\n\t\t\t<div class=\"elementor-widget-wrap elementor-element-populated\">\n\t\t\t\t\t\t<div class=\"elementor-element elementor-element-5638ee6 elementor-widget elementor-widget-cs_title\" data-id=\"5638ee6\" data-element_type=\"widget\" data-e-type=\"widget\" data-widget_type=\"cs_title.default\">\n\t\t\t\t<div class=\"elementor-widget-container\">\n\t\t\t\t\t\n        <div class=\"cs-title-wrap text-center\">\t            <div class=\"cs-subtitle-wrap\"><span class=\"cs-subtitle color-white\">ilmaveere s\u00fcndmuseid ja toimetusi<\/span><\/div>\t            <h1 class=\"cs-title color-white\">\n\t                UUDISED\t            <\/h1>        <\/div>\t\t\t\t<\/div>\n\t\t\t\t<\/div>\n\t\t\t\t\t<\/div>\n\t\t<\/div>\n\t\t\t\t\t<\/div>\n\t\t<\/section>\n\t\t\t\t<section class=\"elementor-section elementor-top-section elementor-element elementor-element-4d98f40 elementor-section-boxed elementor-section-height-default elementor-section-height-default\" data-id=\"4d98f40\" data-element_type=\"section\" data-e-type=\"section\">\n\t\t\t\t\t\t<div class=\"elementor-container elementor-column-gap-no\">\n\t\t\t\t\t<div class=\"elementor-column elementor-col-100 elementor-top-column elementor-element elementor-element-a58b2d7\" data-id=\"a58b2d7\" data-element_type=\"column\" data-e-type=\"column\">\n\t\t\t<div class=\"elementor-widget-wrap elementor-element-populated\">\n\t\t\t\t\t\t<div class=\"elementor-element elementor-element-03caef0 elementor-widget elementor-widget-cs_blog\" data-id=\"03caef0\" data-element_type=\"widget\" data-e-type=\"widget\" data-widget_type=\"cs_blog.default\">\n\t\t\t\t<div class=\"elementor-widget-container\">\n\t\t\t\t\t\t\t\t\t<div class=\"posts text-center layout-zigzag layout-list img-ratio-4-3\">\n\t\t\t\t\t\t\t\t\t<div class=\"posts-wrapper\">\n<article class=\"post-19508 post type-post status-publish format-standard has-post-thumbnail hentry category-uncategorized-et\">\n            <div class=\"featured-img\">\n        \t<a href=\"https:\/\/ilmaveere.ee\/dev\/2024\/11\/08\/12-12-2024-ettevotete-joulupidu-ilmaveerel-lenna-lauriga\/\"><img fetchpriority=\"high\" decoding=\"async\" width=\"780\" height=\"528\" src=\"https:\/\/ilmaveere.ee\/dev\/wp-content\/uploads\/2024\/11\/ilmaveere-sundmus-6-780x528.webp\" class=\"attachment-cozystay_780x9999 size-cozystay_780x9999 wp-post-image\" alt=\"\" srcset=\"https:\/\/ilmaveere.ee\/dev\/wp-content\/uploads\/2024\/11\/ilmaveere-sundmus-6-780x528.webp 780w, https:\/\/ilmaveere.ee\/dev\/wp-content\/uploads\/2024\/11\/ilmaveere-sundmus-6-300x203.webp 300w, https:\/\/ilmaveere.ee\/dev\/wp-content\/uploads\/2024\/11\/ilmaveere-sundmus-6-1024x694.webp 1024w, https:\/\/ilmaveere.ee\/dev\/wp-content\/uploads\/2024\/11\/ilmaveere-sundmus-6-768x520.webp 768w, https:\/\/ilmaveere.ee\/dev\/wp-content\/uploads\/2024\/11\/ilmaveere-sundmus-6-600x407.webp 600w, https:\/\/ilmaveere.ee\/dev\/wp-content\/uploads\/2024\/11\/ilmaveere-sundmus-6-550x373.webp 550w, https:\/\/ilmaveere.ee\/dev\/wp-content\/uploads\/2024\/11\/ilmaveere-sundmus-6-370x251.webp 370w, https:\/\/ilmaveere.ee\/dev\/wp-content\/uploads\/2024\/11\/ilmaveere-sundmus-6-255x173.webp 255w, https:\/\/ilmaveere.ee\/dev\/wp-content\/uploads\/2024\/11\/ilmaveere-sundmus-6-150x102.webp 150w, https:\/\/ilmaveere.ee\/dev\/wp-content\/uploads\/2024\/11\/ilmaveere-sundmus-6-jpg.webp 1200w\" sizes=\"(max-width: 780px) 100vw, 780px\" \/><\/a>        <\/div>\n\t<div class=\"post-content\">\n\t\t<header class=\"post-header\">    <h2 class=\"post-title\">\n        <a href=\"https:\/\/ilmaveere.ee\/dev\/2024\/11\/08\/12-12-2024-ettevotete-joulupidu-ilmaveerel-lenna-lauriga\/\">12.12.2024 Ettev\u00f5tete j\u00f5ulupidu Ilmaveerel Lenna &amp; Lauriga<\/a>\n    <\/h2>\t\t<\/header>\t\t<div class=\"post-excerpt\"><p>S\u00fcndmuse info t\u00e4ieneb peagi!Lisainfo ja broneerimine: info@ilmaveere.ee<\/p>\n<\/div>             <footer class=\"post-footer\">        <div class=\"more-btn\">\n            <a class=\"read-more-btn button cs-btn-underline\" href=\"https:\/\/ilmaveere.ee\/dev\/2024\/11\/08\/12-12-2024-ettevotete-joulupidu-ilmaveerel-lenna-lauriga\/\"><span>Edasi<\/span><\/a>\n        <\/div>            <\/footer>\t<\/div>\n<\/article>\n\n<article class=\"post-142 post type-post status-publish format-standard has-post-thumbnail hentry category-maaratlemata\">\n            <div class=\"featured-img\">\n        \t<a href=\"https:\/\/ilmaveere.ee\/dev\/2024\/05\/01\/ilmaveere-eesti-parima-paiga-avamine\/\"><img decoding=\"async\" width=\"780\" height=\"585\" src=\"https:\/\/ilmaveere.ee\/dev\/wp-content\/uploads\/2023\/04\/pidulik-avamine2-e1716802180832-780x585.jpeg\" class=\"attachment-cozystay_780x9999 size-cozystay_780x9999 wp-post-image\" alt=\"\" srcset=\"https:\/\/ilmaveere.ee\/dev\/wp-content\/uploads\/2023\/04\/pidulik-avamine2-e1716802180832-780x585.jpeg 780w, https:\/\/ilmaveere.ee\/dev\/wp-content\/uploads\/2023\/04\/pidulik-avamine2-e1716802180832-300x225.jpeg 300w, https:\/\/ilmaveere.ee\/dev\/wp-content\/uploads\/2023\/04\/pidulik-avamine2-e1716802180832-1024x768.jpeg 1024w, https:\/\/ilmaveere.ee\/dev\/wp-content\/uploads\/2023\/04\/pidulik-avamine2-e1716802180832-768x576.jpeg 768w, https:\/\/ilmaveere.ee\/dev\/wp-content\/uploads\/2023\/04\/pidulik-avamine2-e1716802180832-1200x900.jpeg 1200w, https:\/\/ilmaveere.ee\/dev\/wp-content\/uploads\/2023\/04\/pidulik-avamine2-e1716802180832-600x450.jpeg 600w, https:\/\/ilmaveere.ee\/dev\/wp-content\/uploads\/2023\/04\/pidulik-avamine2-e1716802180832-550x413.jpeg 550w, https:\/\/ilmaveere.ee\/dev\/wp-content\/uploads\/2023\/04\/pidulik-avamine2-e1716802180832-370x278.jpeg 370w, https:\/\/ilmaveere.ee\/dev\/wp-content\/uploads\/2023\/04\/pidulik-avamine2-e1716802180832-255x191.jpeg 255w, https:\/\/ilmaveere.ee\/dev\/wp-content\/uploads\/2023\/04\/pidulik-avamine2-e1716802180832-150x113.jpeg 150w, https:\/\/ilmaveere.ee\/dev\/wp-content\/uploads\/2023\/04\/pidulik-avamine2-e1716802180832.jpeg 1364w\" sizes=\"(max-width: 780px) 100vw, 780px\" \/><\/a>        <\/div>\n\t<div class=\"post-content\">\n\t\t<header class=\"post-header\">    <h2 class=\"post-title\">\n        <a href=\"https:\/\/ilmaveere.ee\/dev\/2024\/05\/01\/ilmaveere-eesti-parima-paiga-avamine\/\">Ilmaveere on avatud!<\/a>\n    <\/h2>\t\t<\/header>\t\t<div class=\"post-excerpt\"><p>\u00dcle pika aja avab endine Obinitsa kool-kirik oma uksed k\u00fclalistele uhiuue Ilmaveere s\u00fcndmus-ja majutuskeskusena!Baltimaades haruldane, suure kultuuriloolise t\u00e4hendusega hoone on olnud aastak\u00fcmneid Setomaa kogukonnale v\u00e4ga &#8230;<\/p>\n<\/div>             <footer class=\"post-footer\">        <div class=\"more-btn\">\n            <a class=\"read-more-btn button cs-btn-underline\" href=\"https:\/\/ilmaveere.ee\/dev\/2024\/05\/01\/ilmaveere-eesti-parima-paiga-avamine\/\"><span>Edasi<\/span><\/a>\n        <\/div>            <\/footer>\t<\/div>\n<\/article>\n\n<article class=\"post-149 post type-post status-publish format-standard has-post-thumbnail hentry category-maaratlemata\">\n            <div class=\"featured-img\">\n        \t<a href=\"https:\/\/ilmaveere.ee\/dev\/2024\/03\/16\/kaunis-ohtu-ilmaveerel\/\"><img decoding=\"async\" width=\"780\" height=\"520\" src=\"https:\/\/ilmaveere.ee\/dev\/wp-content\/uploads\/2023\/04\/maitserannak-780x520.jpeg\" class=\"attachment-cozystay_780x9999 size-cozystay_780x9999 wp-post-image\" alt=\"\" srcset=\"https:\/\/ilmaveere.ee\/dev\/wp-content\/uploads\/2023\/04\/maitserannak-780x520.jpeg 780w, https:\/\/ilmaveere.ee\/dev\/wp-content\/uploads\/2023\/04\/maitserannak-300x200.jpeg 300w, https:\/\/ilmaveere.ee\/dev\/wp-content\/uploads\/2023\/04\/maitserannak-1024x683.jpeg 1024w, https:\/\/ilmaveere.ee\/dev\/wp-content\/uploads\/2023\/04\/maitserannak-768x512.jpeg 768w, https:\/\/ilmaveere.ee\/dev\/wp-content\/uploads\/2023\/04\/maitserannak-1536x1024.jpeg 1536w, https:\/\/ilmaveere.ee\/dev\/wp-content\/uploads\/2023\/04\/maitserannak-1920x1280.jpeg 1920w, https:\/\/ilmaveere.ee\/dev\/wp-content\/uploads\/2023\/04\/maitserannak-1440x960.jpeg 1440w, https:\/\/ilmaveere.ee\/dev\/wp-content\/uploads\/2023\/04\/maitserannak-1200x800.jpeg 1200w, https:\/\/ilmaveere.ee\/dev\/wp-content\/uploads\/2023\/04\/maitserannak-600x400.jpeg 600w, https:\/\/ilmaveere.ee\/dev\/wp-content\/uploads\/2023\/04\/maitserannak-550x367.jpeg 550w, https:\/\/ilmaveere.ee\/dev\/wp-content\/uploads\/2023\/04\/maitserannak-370x247.jpeg 370w, https:\/\/ilmaveere.ee\/dev\/wp-content\/uploads\/2023\/04\/maitserannak-255x170.jpeg 255w, https:\/\/ilmaveere.ee\/dev\/wp-content\/uploads\/2023\/04\/maitserannak-150x100.jpeg 150w, https:\/\/ilmaveere.ee\/dev\/wp-content\/uploads\/2023\/04\/maitserannak.jpeg 2048w\" sizes=\"(max-width: 780px) 100vw, 780px\" \/><\/a>        <\/div>\n\t<div class=\"post-content\">\n\t\t<header class=\"post-header\">    <h2 class=\"post-title\">\n        <a href=\"https:\/\/ilmaveere.ee\/dev\/2024\/03\/16\/kaunis-ohtu-ilmaveerel\/\">\u00dcks kaunis \u00f5htu Ilmaveerel<\/a>\n    <\/h2>\t\t<\/header>\t\t<div class=\"post-excerpt\"><p>S\u00e4ravad inimesed, head s\u00f5brad, toidunauding nii k\u00f5hule kui silmale, vahetud jutud ja k\u00f5rva paitavad lood esinejatelt ning uni, mis maitseb sama h\u00e4sti, kui Ilmaveere peakokk &#8230;<\/p>\n<\/div>             <footer class=\"post-footer\">        <div class=\"more-btn\">\n            <a class=\"read-more-btn button cs-btn-underline\" href=\"https:\/\/ilmaveere.ee\/dev\/2024\/03\/16\/kaunis-ohtu-ilmaveerel\/\"><span>Edasi<\/span><\/a>\n        <\/div>            <\/footer>\t<\/div>\n<\/article>\n\t\t\t\t<\/div>\t\t\t\t<\/div>\t\t\t\t<\/div>\n\t\t\t\t<\/div>\n\t\t\t\t\t<\/div>\n\t\t<\/div>\n\t\t\t\t\t<\/div>\n\t\t<\/section>\n\t\t\t\t<\/div>\n\t\t","protected":false},"excerpt":{"rendered":"<p>ilmaveere s\u00fcndmuseid ja toimetusi UUDISED 12.12.2024 Ettev\u00f5tete j\u00f5ulupidu Ilmaveerel Lenna &amp; Lauriga Peagi rohkem infot Edasi Ilmaveere on avatud! \u00dcle pika aja avab endine Obinitsa kool-kirik oma uksed k\u00fclalistele uhiuue Ilmaveere s\u00fcndmus-ja majutuskeskusena!Baltimaades haruldane, suure kultuuriloolise t\u00e4hendusega hoone on olnud aastak\u00fcmneid Setomaa kogukonnale v\u00e4ga &#8230; Edasi \u00dcks kaunis \u00f5htu Ilmaveerel S\u00e4ravad inimesed, head s\u00f5brad, toidunauding &#8230;<\/p>\n","protected":false},"author":1,"featured_media":0,"parent":0,"menu_order":0,"comment_status":"closed","ping_status":"closed","template":"template-wide-content.php","meta":{"inline_featured_image":false,"cozystay_single_page_hide_site_header":"","cozystay_single_page_site_header_source":"","cozystay_single_page_custom_site_header":"0","cozystay_single_page_custom_sticky_site_header":"0","cozystay_single_page_hide_page_title":"on","cozystay_single_page_header_section_size":"","cozystay_single_page_header_background_color":"","cozystay_single_page_header_background_position_x":"center","cozystay_single_page_header_background_position_y":"center","cozystay_single_page_header_background_size":"cover","cozystay_single_page_header_background_repeat":"off","cozystay_single_page_header_background_scroll":"on","cozystay_single_page_header_text_color":"","cozystay_single_page_header_show_breadcrumb":"","cozystay_single_page_site_footer_hide_main":"","cozystay_single_custom_site_footer_main_source":"","cozystay_single_custom_site_footer_main":"0","cozystay_single_page_site_footer_hide_above":"","cozystay_single_custom_site_footer_above_source":"","cozystay_single_custom_site_footer_above":"0","cozystay_single_page_site_footer_hide_instagram":"","cozystay_single_page_site_footer_hide_bottom":"","cozystay_single_custom_mobile_menu_source":"","cozystay_single_custom_mobile_menu":"0","cozystay_single_custom_mobile_menu_animation":"","cozystay_single_custom_mobile_menu_width":"","cozystay_single_custom_mobile_menu_custom_width":375,"footnotes":""},"class_list":["post-783","page","type-page","status-publish","hentry"],"_links":{"self":[{"href":"https:\/\/ilmaveere.ee\/dev\/wp-json\/wp\/v2\/pages\/783","targetHints":{"allow":["GET"]}}],"collection":[{"href":"https:\/\/ilmaveere.ee\/dev\/wp-json\/wp\/v2\/pages"}],"about":[{"href":"https:\/\/ilmaveere.ee\/dev\/wp-json\/wp\/v2\/types\/page"}],"author":[{"embeddable":true,"href":"https:\/\/ilmaveere.ee\/dev\/wp-json\/wp\/v2\/users\/1"}],"replies":[{"embeddable":true,"href":"https:\/\/ilmaveere.ee\/dev\/wp-json\/wp\/v2\/comments?post=783"}],"version-history":[{"count":0,"href":"https:\/\/ilmaveere.ee\/dev\/wp-json\/wp\/v2\/pages\/783\/revisions"}],"wp:attachment":[{"href":"https:\/\/ilmaveere.ee\/dev\/wp-json\/wp\/v2\/media?parent=783"}],"curies":[{"name":"wp","href":"https:\/\/api.w.org\/{rel}","templated":true}]}}