{"id":29,"date":"2024-04-08T11:53:52","date_gmt":"2024-04-08T11:53:52","guid":{"rendered":"https:\/\/ilmaveere.ee\/dev\/dev\/?page_id=29"},"modified":"2026-05-11T15:19:21","modified_gmt":"2026-05-11T12:19:21","slug":"elanikud","status":"publish","type":"page","link":"https:\/\/ilmaveere.ee\/dev\/elanikud\/","title":{"rendered":"Elanikud"},"content":{"rendered":"\t\t<div data-elementor-type=\"wp-page\" data-elementor-id=\"29\" class=\"elementor elementor-29\">\n\t\t\t\t\t\t<section class=\"elementor-section elementor-top-section elementor-element elementor-element-19728498 elementor-section-height-min-height cs-section-content-fullwidth cs-parallax-on-scroll cs_scroll_y_100 elementor-section-full_width elementor-section-height-default elementor-section-items-middle\" data-id=\"19728498\" data-element_type=\"section\" data-e-type=\"section\" data-settings=\"{&quot;background_background&quot;:&quot;classic&quot;}\" data-cs-parallax-y=\"100\" style=\"background-image: none;\" data-cs-background-image=\"https:\/\/ilmaveere.ee\/dev\/wp-content\/uploads\/2024\/04\/ilmaveere-ponies-ponid-horses-2.jpeg\">\n\t\t\t\t\t\t\t<div class=\"elementor-background-overlay\"><\/div>\n\t\t\t\t\t\t\t<div class=\"elementor-container elementor-column-gap-no\">\n\t\t\t\t\t<div class=\"elementor-column elementor-col-100 elementor-top-column elementor-element elementor-element-2fc6edb5 dark-color\" data-id=\"2fc6edb5\" data-element_type=\"column\" data-e-type=\"column\">\n\t\t\t<div class=\"elementor-widget-wrap elementor-element-populated\">\n\t\t\t\t\t\t<div class=\"elementor-element elementor-element-7e520974 elementor-widget elementor-widget-cs_title\" data-id=\"7e520974\" data-element_type=\"widget\" data-e-type=\"widget\" data-widget_type=\"cs_title.default\">\n\t\t\t\t<div class=\"elementor-widget-container\">\n\t\t\t\t\t\n        <div class=\"cs-title-wrap text-center\">\t            <h1 class=\"cs-title color-white\">\n\t                Elanikud\t            <\/h1>        <\/div>\t\t\t\t<\/div>\n\t\t\t\t<\/div>\n\t\t\t\t\t<\/div>\n\t\t<\/div>\n\t\t\t\t\t<\/div>\n\t\t<\/section>\n\t\t\t\t<section class=\"elementor-section elementor-top-section elementor-element elementor-element-230bcb48 elementor-section-full_width elementor-section-content-middle animated-slow elementor-section-height-default elementor-section-height-default elementor-invisible\" data-id=\"230bcb48\" data-element_type=\"section\" data-e-type=\"section\" data-settings=\"{&quot;background_background&quot;:&quot;classic&quot;,&quot;animation&quot;:&quot;fadeIn&quot;,&quot;animation_delay&quot;:150}\">\n\t\t\t\t\t\t<div class=\"elementor-container elementor-column-gap-no\">\n\t\t\t\t\t<div class=\"elementor-column elementor-col-66 elementor-top-column elementor-element elementor-element-2a369b40\" data-id=\"2a369b40\" data-element_type=\"column\" data-e-type=\"column\">\n\t\t\t<div class=\"elementor-widget-wrap elementor-element-populated\">\n\t\t\t\t\t\t<div class=\"elementor-element elementor-element-45757f0c elementor-widget elementor-widget-cs_title\" data-id=\"45757f0c\" data-element_type=\"widget\" data-e-type=\"widget\" data-widget_type=\"cs_title.default\">\n\t\t\t\t<div class=\"elementor-widget-container\">\n\t\t\t\t\t\n        <div class=\"cs-title-wrap text-left\">\t            <div class=\"cs-subtitle-wrap\"><span class=\"cs-subtitle\">MEIE LOODUSPERE<\/span><\/div>\t            <h2 class=\"cs-title\">\n\t                lisaks inimestele toimetab meie armsas asutuses mitmeid flora ja fauna esindajaid\t            <\/h2>\t            <div class=\"cs-title-text\">\n\t                <p>Suur osa maaelu r\u00f5\u00f5mudest on seotud loomade ja loodusega, kuid et ei peaks metsloomalapsi pai eesm\u00e4rgil m\u00f6\u00f6da metsi taga ajama on Ilmaveerel t\u00e4itsa omad pai-ponid ja veel \u00fcht teist sulelist.<br \/><br \/><br \/><\/p><p>\u00a0<\/p>\t            <\/div>        <\/div>\t\t\t\t<\/div>\n\t\t\t\t<\/div>\n\t\t\t\t\t<\/div>\n\t\t<\/div>\n\t\t\t\t<div class=\"elementor-column elementor-col-33 elementor-top-column elementor-element elementor-element-53bba198\" data-id=\"53bba198\" data-element_type=\"column\" data-e-type=\"column\" data-settings=\"{&quot;background_background&quot;:&quot;classic&quot;}\">\n\t\t\t<div class=\"elementor-widget-wrap elementor-element-populated\">\n\t\t\t\t\t\t<section class=\"elementor-section elementor-inner-section elementor-element elementor-element-50f685ca elementor-align-left elementor-section-boxed elementor-section-height-default elementor-section-height-default\" data-id=\"50f685ca\" data-element_type=\"section\" data-e-type=\"section\">\n\t\t\t\t\t\t<div class=\"elementor-container elementor-column-gap-no\">\n\t\t\t\t\t<div class=\"elementor-column elementor-col-100 elementor-inner-column elementor-element elementor-element-62b9b99c\" data-id=\"62b9b99c\" data-element_type=\"column\" data-e-type=\"column\" data-settings=\"{&quot;background_background&quot;:&quot;classic&quot;}\">\n\t\t\t<div class=\"elementor-widget-wrap elementor-element-populated\">\n\t\t\t\t\t\t<div class=\"elementor-element elementor-element-17d34219 elementor-align-center elementor-widget elementor-widget-cs_circle_button\" data-id=\"17d34219\" data-element_type=\"widget\" data-e-type=\"widget\" data-widget_type=\"cs_circle_button.default\">\n\t\t\t\t<div class=\"elementor-widget-container\">\n\t\t\t\t\t        <a href=\"https:\/\/book.dinnerbooking.com\/ee\/et-EE\/book\/index\/3861\/2\" target=\"_blank\" class=\"elementor-button-link button cs-btn-circle\" role=\"button\">\n            <span class=\"cs-btn-text\">BRONEERI LAUD ONLINE<\/span>\n        <\/a>\t\t\t\t<\/div>\n\t\t\t\t<\/div>\n\t\t\t\t<div class=\"elementor-element elementor-element-5d761bec elementor-widget elementor-widget-cs_title\" data-id=\"5d761bec\" data-element_type=\"widget\" data-e-type=\"widget\" data-widget_type=\"cs_title.default\">\n\t\t\t\t<div class=\"elementor-widget-container\">\n\t\t\t\t\t\n        <div class=\"cs-title-wrap text-center\">\t            <h6 class=\"cs-title\">\n\t                AVASTA UUED S\u00d5BRAD\t            <\/h6>        <\/div>\t\t\t\t<\/div>\n\t\t\t\t<\/div>\n\t\t\t\t<div class=\"elementor-element elementor-element-66189f15 elementor-position-inline-start elementor-mobile-position-inline-start elementor-view-default elementor-widget elementor-widget-icon-box\" data-id=\"66189f15\" data-element_type=\"widget\" data-e-type=\"widget\" data-widget_type=\"icon-box.default\">\n\t\t\t\t<div class=\"elementor-widget-container\">\n\t\t\t\t\t\t\t<div class=\"elementor-icon-box-wrapper\">\n\n\t\t\t\t\t\t<div class=\"elementor-icon-box-icon\">\n\t\t\t\t<span  class=\"elementor-icon\">\n\t\t\t\t<svg aria-hidden=\"true\" class=\"e-font-icon-svg e-fas-phone-alt\" viewBox=\"0 0 512 512\" xmlns=\"http:\/\/www.w3.org\/2000\/svg\"><path d=\"M497.39 361.8l-112-48a24 24 0 0 0-28 6.9l-49.6 60.6A370.66 370.66 0 0 1 130.6 204.11l60.6-49.6a23.94 23.94 0 0 0 6.9-28l-48-112A24.16 24.16 0 0 0 122.6.61l-104 24A24 24 0 0 0 0 48c0 256.5 207.9 464 464 464a24 24 0 0 0 23.4-18.6l24-104a24.29 24.29 0 0 0-14.01-27.6z\"><\/path><\/svg>\t\t\t\t<\/span>\n\t\t\t<\/div>\n\t\t\t\n\t\t\t\t\t\t<div class=\"elementor-icon-box-content\">\n\n\t\t\t\t\t\t\t\t\t<div class=\"elementor-icon-box-title\">\n\t\t\t\t\t\t<span  >\n\t\t\t\t\t\t\tLisainfo\t\t\t\t\t\t<\/span>\n\t\t\t\t\t<\/div>\n\t\t\t\t\n\t\t\t\t\t\t\t\t\t<p class=\"elementor-icon-box-description\">\n\t\t\t\t\t\t<a href=\"tel:+37256606044\">+372 56606044<\/a>  E-R<br \/>\n<a href=\"tel:+37258818839\">+372 58818839<\/a>  R-P\n\n\t\t\t\t\t<\/p>\n\t\t\t\t\n\t\t\t<\/div>\n\t\t\t\n\t\t<\/div>\n\t\t\t\t\t\t<\/div>\n\t\t\t\t<\/div>\n\t\t\t\t\t<\/div>\n\t\t<\/div>\n\t\t\t\t\t<\/div>\n\t\t<\/section>\n\t\t\t\t\t<\/div>\n\t\t<\/div>\n\t\t\t\t\t<\/div>\n\t\t<\/section>\n\t\t\t\t<section class=\"elementor-section elementor-top-section elementor-element elementor-element-2cd02b96 cs-section-content-fullwidth elementor-section-boxed elementor-section-height-default elementor-section-height-default\" data-id=\"2cd02b96\" data-element_type=\"section\" data-e-type=\"section\">\n\t\t\t\t\t\t<div class=\"elementor-container elementor-column-gap-no\">\n\t\t\t\t\t<div class=\"elementor-column elementor-col-33 elementor-top-column elementor-element elementor-element-4e3cebe9\" data-id=\"4e3cebe9\" data-element_type=\"column\" data-e-type=\"column\">\n\t\t\t<div class=\"elementor-widget-wrap elementor-element-populated\">\n\t\t\t\t\t\t<div class=\"elementor-element elementor-element-7582fe0d elementor-widget elementor-widget-image\" data-id=\"7582fe0d\" data-element_type=\"widget\" data-e-type=\"widget\" data-widget_type=\"image.default\">\n\t\t\t\t<div class=\"elementor-widget-container\">\n\t\t\t\t\t\t\t\t\t\t\t\t\t\t\t<img fetchpriority=\"high\" decoding=\"async\" width=\"600\" height=\"900\" src=\"https:\/\/ilmaveere.ee\/dev\/wp-content\/uploads\/2024\/04\/ilmaveere-ponies-ponid-horses-600x900.jpg\" class=\"attachment-cozystay_600x9999 size-cozystay_600x9999 wp-image-3293\" alt=\"\" srcset=\"https:\/\/ilmaveere.ee\/dev\/wp-content\/uploads\/2024\/04\/ilmaveere-ponies-ponid-horses-600x900.jpg 600w, https:\/\/ilmaveere.ee\/dev\/wp-content\/uploads\/2024\/04\/ilmaveere-ponies-ponid-horses-200x300.jpg 200w, https:\/\/ilmaveere.ee\/dev\/wp-content\/uploads\/2024\/04\/ilmaveere-ponies-ponid-horses-683x1024.jpg 683w, https:\/\/ilmaveere.ee\/dev\/wp-content\/uploads\/2024\/04\/ilmaveere-ponies-ponid-horses-768x1152.jpg 768w, https:\/\/ilmaveere.ee\/dev\/wp-content\/uploads\/2024\/04\/ilmaveere-ponies-ponid-horses-780x1170.jpg 780w, https:\/\/ilmaveere.ee\/dev\/wp-content\/uploads\/2024\/04\/ilmaveere-ponies-ponid-horses-550x825.jpg 550w, https:\/\/ilmaveere.ee\/dev\/wp-content\/uploads\/2024\/04\/ilmaveere-ponies-ponid-horses-370x555.jpg 370w, https:\/\/ilmaveere.ee\/dev\/wp-content\/uploads\/2024\/04\/ilmaveere-ponies-ponid-horses-255x383.jpg 255w, https:\/\/ilmaveere.ee\/dev\/wp-content\/uploads\/2024\/04\/ilmaveere-ponies-ponid-horses-100x150.jpg 100w, https:\/\/ilmaveere.ee\/dev\/wp-content\/uploads\/2024\/04\/ilmaveere-ponies-ponid-horses.jpg 1000w\" sizes=\"(max-width: 600px) 100vw, 600px\" \/>\t\t\t\t\t\t\t\t\t\t\t\t\t\t\t<\/div>\n\t\t\t\t<\/div>\n\t\t\t\t<div class=\"elementor-element elementor-element-2ff86be elementor-mobile-align-center elementor-align-left elementor-widget__width-initial elementor-widget elementor-widget-cs_list\" data-id=\"2ff86be\" data-element_type=\"widget\" data-e-type=\"widget\" data-widget_type=\"cs_list.default\">\n\t\t\t\t<div class=\"elementor-widget-container\">\n\t\t\t\t\t\n            <ul class=\"cs-list cs-list-type-unordered color-primary\">                <li>                        <span class=\"list-icon color-primary\">\n                            <svg aria-hidden=\"true\" class=\"e-font-icon-svg e-fas-horse\" viewBox=\"0 0 576 512\" xmlns=\"http:\/\/www.w3.org\/2000\/svg\"><path d=\"M575.92 76.6c-.01-8.13-3.02-15.87-8.58-21.8-3.78-4.03-8.58-9.12-13.69-14.5 11.06-6.84 19.5-17.49 22.18-30.66C576.85 4.68 572.96 0 567.9 0H447.92c-70.69 0-128 57.31-128 128H160c-28.84 0-54.4 12.98-72 33.11V160c-48.53 0-88 39.47-88 88v56c0 8.84 7.16 16 16 16h16c8.84 0 16-7.16 16-16v-56c0-13.22 6.87-24.39 16.78-31.68-.21 2.58-.78 5.05-.78 7.68 0 27.64 11.84 52.36 30.54 69.88l-25.72 68.6a63.945 63.945 0 0 0-2.16 37.99l24.85 99.41A15.982 15.982 0 0 0 107.02 512h65.96c10.41 0 18.05-9.78 15.52-19.88l-26.31-105.26 23.84-63.59L320 345.6V496c0 8.84 7.16 16 16 16h64c8.84 0 16-7.16 16-16V318.22c19.74-20.19 32-47.75 32-78.22 0-.22-.07-.42-.08-.64V136.89l16 7.11 18.9 37.7c7.45 14.87 25.05 21.55 40.49 15.37l32.55-13.02a31.997 31.997 0 0 0 20.12-29.74l-.06-77.71zm-64 19.4c-8.84 0-16-7.16-16-16s7.16-16 16-16 16 7.16 16 16-7.16 16-16 16z\"><\/path><\/svg>                        <\/span>                    <span class=\"list-content\"><b>Ponid<\/b> \u2013 tatsavad m\u00f6\u00f6da Ilmaveere residentsi ja teevad v\u00e4ikestel ja suurtel k\u00fclalistel meele heaks. Meie nimetame seda poniteraapiaks.<\/span>                <\/li>            <\/ul>\t\t\t\t<\/div>\n\t\t\t\t<\/div>\n\t\t\t\t<div class=\"elementor-element elementor-element-5acf6aac elementor-widget elementor-widget-image\" data-id=\"5acf6aac\" data-element_type=\"widget\" data-e-type=\"widget\" data-widget_type=\"image.default\">\n\t\t\t\t<div class=\"elementor-widget-container\">\n\t\t\t\t\t\t\t\t\t\t\t\t\t\t\t<img decoding=\"async\" width=\"550\" height=\"825\" src=\"https:\/\/ilmaveere.ee\/dev\/wp-content\/uploads\/2024\/04\/ilmaveere-fields-pollud-550x825.jpg\" class=\"attachment-cozystay_550x9999 size-cozystay_550x9999 wp-image-3302\" alt=\"\" srcset=\"https:\/\/ilmaveere.ee\/dev\/wp-content\/uploads\/2024\/04\/ilmaveere-fields-pollud-550x825.jpg 550w, https:\/\/ilmaveere.ee\/dev\/wp-content\/uploads\/2024\/04\/ilmaveere-fields-pollud-200x300.jpg 200w, https:\/\/ilmaveere.ee\/dev\/wp-content\/uploads\/2024\/04\/ilmaveere-fields-pollud-683x1024.jpg 683w, https:\/\/ilmaveere.ee\/dev\/wp-content\/uploads\/2024\/04\/ilmaveere-fields-pollud-768x1152.jpg 768w, https:\/\/ilmaveere.ee\/dev\/wp-content\/uploads\/2024\/04\/ilmaveere-fields-pollud-780x1170.jpg 780w, https:\/\/ilmaveere.ee\/dev\/wp-content\/uploads\/2024\/04\/ilmaveere-fields-pollud-600x900.jpg 600w, https:\/\/ilmaveere.ee\/dev\/wp-content\/uploads\/2024\/04\/ilmaveere-fields-pollud-370x555.jpg 370w, https:\/\/ilmaveere.ee\/dev\/wp-content\/uploads\/2024\/04\/ilmaveere-fields-pollud-255x383.jpg 255w, https:\/\/ilmaveere.ee\/dev\/wp-content\/uploads\/2024\/04\/ilmaveere-fields-pollud-100x150.jpg 100w, https:\/\/ilmaveere.ee\/dev\/wp-content\/uploads\/2024\/04\/ilmaveere-fields-pollud.jpg 1000w\" sizes=\"(max-width: 550px) 100vw, 550px\" \/>\t\t\t\t\t\t\t\t\t\t\t\t\t\t\t<\/div>\n\t\t\t\t<\/div>\n\t\t\t\t<div class=\"elementor-element elementor-element-28253a65 elementor-align-center elementor-mobile-align-center elementor-widget__width-initial elementor-widget elementor-widget-cs_list\" data-id=\"28253a65\" data-element_type=\"widget\" data-e-type=\"widget\" data-widget_type=\"cs_list.default\">\n\t\t\t\t<div class=\"elementor-widget-container\">\n\t\t\t\t\t\n            <ul class=\"cs-list cs-list-type-unordered color-primary\">                <li>                        <span class=\"list-icon color-primary\">\n                            <svg aria-hidden=\"true\" class=\"e-font-icon-svg e-fas-hand-peace\" viewBox=\"0 0 448 512\" xmlns=\"http:\/\/www.w3.org\/2000\/svg\"><path d=\"M408 216c-22.092 0-40 17.909-40 40h-8v-32c0-22.091-17.908-40-40-40s-40 17.909-40 40v32h-8V48c0-26.51-21.49-48-48-48s-48 21.49-48 48v208h-13.572L92.688 78.449C82.994 53.774 55.134 41.63 30.461 51.324 5.787 61.017-6.356 88.877 3.337 113.551l74.765 190.342-31.09 24.872c-15.381 12.306-19.515 33.978-9.741 51.081l64 112A39.998 39.998 0 0 0 136 512h240c18.562 0 34.686-12.77 38.937-30.838l32-136A39.97 39.97 0 0 0 448 336v-80c0-22.091-17.908-40-40-40z\"><\/path><\/svg>                        <\/span>                    <span class=\"list-content\"><b>P\u00f5llud<\/b> - Ilmaveerel tuleb selline tunne peale justkui k\u00f5ik \u00fcmberringi hingaks ja tuksuks. Jaluta p\u00f5llul ja silita viljateri nagu Gladiaatori filmis ning zen tuleb peale.<\/span>                <\/li>            <\/ul>\t\t\t\t<\/div>\n\t\t\t\t<\/div>\n\t\t\t\t\t<\/div>\n\t\t<\/div>\n\t\t\t\t<div class=\"elementor-column elementor-col-33 elementor-top-column elementor-element elementor-element-292a0cf0\" data-id=\"292a0cf0\" data-element_type=\"column\" data-e-type=\"column\">\n\t\t\t<div class=\"elementor-widget-wrap elementor-element-populated\">\n\t\t\t\t\t\t<div class=\"elementor-element elementor-element-476f608e elementor-widget__width-initial elementor-hidden-tablet elementor-hidden-mobile elementor-widget elementor-widget-spacer\" data-id=\"476f608e\" data-element_type=\"widget\" data-e-type=\"widget\" data-widget_type=\"spacer.default\">\n\t\t\t\t<div class=\"elementor-widget-container\">\n\t\t\t\t\t\t\t<div class=\"elementor-spacer\">\n\t\t\t<div class=\"elementor-spacer-inner\"><\/div>\n\t\t<\/div>\n\t\t\t\t\t\t<\/div>\n\t\t\t\t<\/div>\n\t\t\t\t<div class=\"elementor-element elementor-element-7c927b78 elementor-widget elementor-widget-cs_title\" data-id=\"7c927b78\" data-element_type=\"widget\" data-e-type=\"widget\" data-widget_type=\"cs_title.default\">\n\t\t\t\t<div class=\"elementor-widget-container\">\n\t\t\t\t\t\n        <div class=\"cs-title-wrap text-center\">\t            <h6 class=\"cs-title color-primary\">\n\t                saage tuttavaks meie mitteametlike teraapialoomade ja loodusvaradega\t            <\/h6>        <\/div>\t\t\t\t<\/div>\n\t\t\t\t<\/div>\n\t\t\t\t<div class=\"elementor-element elementor-element-47e78a49 elementor-widget__width-initial elementor-hidden-tablet elementor-hidden-mobile elementor-widget elementor-widget-spacer\" data-id=\"47e78a49\" data-element_type=\"widget\" data-e-type=\"widget\" data-widget_type=\"spacer.default\">\n\t\t\t\t<div class=\"elementor-widget-container\">\n\t\t\t\t\t\t\t<div class=\"elementor-spacer\">\n\t\t\t<div class=\"elementor-spacer-inner\"><\/div>\n\t\t<\/div>\n\t\t\t\t\t\t<\/div>\n\t\t\t\t<\/div>\n\t\t\t\t\t<\/div>\n\t\t<\/div>\n\t\t\t\t<div class=\"elementor-column elementor-col-33 elementor-top-column elementor-element elementor-element-348ea209\" data-id=\"348ea209\" data-element_type=\"column\" data-e-type=\"column\">\n\t\t\t<div class=\"elementor-widget-wrap elementor-element-populated\">\n\t\t\t\t\t\t<div class=\"elementor-element elementor-element-3851a7f0 elementor-widget elementor-widget-image\" data-id=\"3851a7f0\" data-element_type=\"widget\" data-e-type=\"widget\" data-widget_type=\"image.default\">\n\t\t\t\t<div class=\"elementor-widget-container\">\n\t\t\t\t\t\t\t\t\t\t\t\t\t\t\t<img decoding=\"async\" width=\"600\" height=\"401\" src=\"https:\/\/ilmaveere.ee\/dev\/wp-content\/uploads\/2024\/04\/ilmaveere-chickens-kanad-3-600x401.jpg\" class=\"attachment-cozystay_600x9999 size-cozystay_600x9999 wp-image-3308\" alt=\"\" srcset=\"https:\/\/ilmaveere.ee\/dev\/wp-content\/uploads\/2024\/04\/ilmaveere-chickens-kanad-3-600x401.jpg 600w, https:\/\/ilmaveere.ee\/dev\/wp-content\/uploads\/2024\/04\/ilmaveere-chickens-kanad-3-300x200.jpg 300w, https:\/\/ilmaveere.ee\/dev\/wp-content\/uploads\/2024\/04\/ilmaveere-chickens-kanad-3-1024x684.jpg 1024w, https:\/\/ilmaveere.ee\/dev\/wp-content\/uploads\/2024\/04\/ilmaveere-chickens-kanad-3-768x513.jpg 768w, https:\/\/ilmaveere.ee\/dev\/wp-content\/uploads\/2024\/04\/ilmaveere-chickens-kanad-3-1536x1026.jpg 1536w, https:\/\/ilmaveere.ee\/dev\/wp-content\/uploads\/2024\/04\/ilmaveere-chickens-kanad-3-1440x962.jpg 1440w, https:\/\/ilmaveere.ee\/dev\/wp-content\/uploads\/2024\/04\/ilmaveere-chickens-kanad-3-1200x802.jpg 1200w, https:\/\/ilmaveere.ee\/dev\/wp-content\/uploads\/2024\/04\/ilmaveere-chickens-kanad-3-780x521.jpg 780w, https:\/\/ilmaveere.ee\/dev\/wp-content\/uploads\/2024\/04\/ilmaveere-chickens-kanad-3-550x368.jpg 550w, https:\/\/ilmaveere.ee\/dev\/wp-content\/uploads\/2024\/04\/ilmaveere-chickens-kanad-3-370x247.jpg 370w, https:\/\/ilmaveere.ee\/dev\/wp-content\/uploads\/2024\/04\/ilmaveere-chickens-kanad-3-255x170.jpg 255w, https:\/\/ilmaveere.ee\/dev\/wp-content\/uploads\/2024\/04\/ilmaveere-chickens-kanad-3-150x100.jpg 150w, https:\/\/ilmaveere.ee\/dev\/wp-content\/uploads\/2024\/04\/ilmaveere-chickens-kanad-3.jpg 1640w\" sizes=\"(max-width: 600px) 100vw, 600px\" \/>\t\t\t\t\t\t\t\t\t\t\t\t\t\t\t<\/div>\n\t\t\t\t<\/div>\n\t\t\t\t<div class=\"elementor-element elementor-element-426a5c3f elementor-align-center elementor-mobile-align-center elementor-widget__width-initial elementor-widget elementor-widget-cs_list\" data-id=\"426a5c3f\" data-element_type=\"widget\" data-e-type=\"widget\" data-widget_type=\"cs_list.default\">\n\t\t\t\t<div class=\"elementor-widget-container\">\n\t\t\t\t\t\n            <ul class=\"cs-list cs-list-type-unordered color-primary\">                <li>                        <span class=\"list-icon color-primary\">\n                            <svg aria-hidden=\"true\" class=\"e-font-icon-svg e-fas-egg\" viewBox=\"0 0 384 512\" xmlns=\"http:\/\/www.w3.org\/2000\/svg\"><path d=\"M192 0C86 0 0 214 0 320s86 192 192 192 192-86 192-192S298 0 192 0z\"><\/path><\/svg>                        <\/span>                    <span class=\"list-content\"><b>Kanad<\/b> - m\u00f5eldud tehtud ehk kui tekkis soov kaagutamise ja v\u00e4rske muna j\u00e4rele tulid Ilmaveere elama ka ulakad ning l\u00f5busad kanakesed.<\/span>                <\/li>            <\/ul>\t\t\t\t<\/div>\n\t\t\t\t<\/div>\n\t\t\t\t<div class=\"elementor-element elementor-element-33ae0b7f elementor-widget elementor-widget-image\" data-id=\"33ae0b7f\" data-element_type=\"widget\" data-e-type=\"widget\" data-widget_type=\"image.default\">\n\t\t\t\t<div class=\"elementor-widget-container\">\n\t\t\t\t\t\t\t\t\t\t\t\t\t\t\t<img loading=\"lazy\" decoding=\"async\" width=\"550\" height=\"825\" src=\"https:\/\/ilmaveere.ee\/dev\/wp-content\/uploads\/2024\/04\/ilmaveere-local-produce-porgand-fresh-carrot-soil-550x825.jpg\" class=\"attachment-cozystay_550x9999 size-cozystay_550x9999 wp-image-3303\" alt=\"\" srcset=\"https:\/\/ilmaveere.ee\/dev\/wp-content\/uploads\/2024\/04\/ilmaveere-local-produce-porgand-fresh-carrot-soil-550x825.jpg 550w, https:\/\/ilmaveere.ee\/dev\/wp-content\/uploads\/2024\/04\/ilmaveere-local-produce-porgand-fresh-carrot-soil-200x300.jpg 200w, https:\/\/ilmaveere.ee\/dev\/wp-content\/uploads\/2024\/04\/ilmaveere-local-produce-porgand-fresh-carrot-soil-683x1024.jpg 683w, https:\/\/ilmaveere.ee\/dev\/wp-content\/uploads\/2024\/04\/ilmaveere-local-produce-porgand-fresh-carrot-soil-768x1152.jpg 768w, https:\/\/ilmaveere.ee\/dev\/wp-content\/uploads\/2024\/04\/ilmaveere-local-produce-porgand-fresh-carrot-soil-780x1170.jpg 780w, https:\/\/ilmaveere.ee\/dev\/wp-content\/uploads\/2024\/04\/ilmaveere-local-produce-porgand-fresh-carrot-soil-600x900.jpg 600w, https:\/\/ilmaveere.ee\/dev\/wp-content\/uploads\/2024\/04\/ilmaveere-local-produce-porgand-fresh-carrot-soil-370x555.jpg 370w, https:\/\/ilmaveere.ee\/dev\/wp-content\/uploads\/2024\/04\/ilmaveere-local-produce-porgand-fresh-carrot-soil-255x383.jpg 255w, https:\/\/ilmaveere.ee\/dev\/wp-content\/uploads\/2024\/04\/ilmaveere-local-produce-porgand-fresh-carrot-soil-100x150.jpg 100w, https:\/\/ilmaveere.ee\/dev\/wp-content\/uploads\/2024\/04\/ilmaveere-local-produce-porgand-fresh-carrot-soil.jpg 1000w\" sizes=\"(max-width: 550px) 100vw, 550px\" \/>\t\t\t\t\t\t\t\t\t\t\t\t\t\t\t<\/div>\n\t\t\t\t<\/div>\n\t\t\t\t<div class=\"elementor-element elementor-element-9ef4dfc elementor-mobile-align-center elementor-align-center elementor-widget__width-initial elementor-widget elementor-widget-cs_list\" data-id=\"9ef4dfc\" data-element_type=\"widget\" data-e-type=\"widget\" data-widget_type=\"cs_list.default\">\n\t\t\t\t<div class=\"elementor-widget-container\">\n\t\t\t\t\t\n            <ul class=\"cs-list cs-list-type-unordered color-primary\">                <li>                        <span class=\"list-icon color-primary\">\n                            <svg aria-hidden=\"true\" class=\"e-font-icon-svg e-fas-carrot\" viewBox=\"0 0 512 512\" xmlns=\"http:\/\/www.w3.org\/2000\/svg\"><path d=\"M298.2 156.6c-52.7-25.7-114.5-10.5-150.2 32.8l55.2 55.2c6.3 6.3 6.3 16.4 0 22.6-3.1 3.1-7.2 4.7-11.3 4.7s-8.2-1.6-11.3-4.7L130.4 217 2.3 479.7c-2.9 6-3.1 13.3 0 19.7 5.4 11.1 18.9 15.7 30 10.3l133.6-65.2-49.2-49.2c-6.3-6.2-6.3-16.4 0-22.6 6.3-6.2 16.4-6.2 22.6 0l57 57 102-49.8c24-11.7 44.5-31.3 57.1-57.1 30.1-61.7 4.5-136.1-57.2-166.2zm92.1-34.9C409.8 81 399.7 32.9 360 0c-50.3 41.7-52.5 107.5-7.9 151.9l8 8c44.4 44.6 110.3 42.4 151.9-7.9-32.9-39.7-81-49.8-121.7-30.3z\"><\/path><\/svg>                        <\/span>                    <span class=\"list-content\"><b>Vihmaussikesed<\/b> - kobestatud \u00f5huline muld v\u00f5rdub rikkaliku viljasaagiga ja selleks puhuks elavad meie juures t\u00e4iesti rendivabalt aplad vihmaussikesed kes k\u00fcll vahest linnukeste s\u00f6\u00f6gilauale satuvad, aga selline kord see looduse ring on.<\/span>                <\/li>            <\/ul>\t\t\t\t<\/div>\n\t\t\t\t<\/div>\n\t\t\t\t\t<\/div>\n\t\t<\/div>\n\t\t\t\t\t<\/div>\n\t\t<\/section>\n\t\t\t\t<\/div>\n\t\t","protected":false},"excerpt":{"rendered":"<p>Elanikud MEIE LOODUSPERE lisaks inimestele toimetab meie armsas asutuses mitmeid flora ja fauna esindajaid Suur osa maaelu r\u00f5\u00f5mudest on seotud loomade ja loodusega, kuid et ei peaks metsloomalapsi pai eesm\u00e4rgil m\u00f6\u00f6da metsi taga ajama on Ilmaveerel t\u00e4itsa omad pai-ponid ja veel \u00fcht teist sulelist. \u00a0 BRONEERI LAUD ONLINE AVASTA UUED S\u00d5BRAD Lisainfo +372 56606044 E-R &#8230;<\/p>\n","protected":false},"author":1,"featured_media":0,"parent":0,"menu_order":0,"comment_status":"closed","ping_status":"closed","template":"elementor_header_footer","meta":{"inline_featured_image":false,"cozystay_single_page_hide_site_header":"","cozystay_single_page_site_header_source":"","cozystay_single_page_custom_site_header":"0","cozystay_single_page_custom_sticky_site_header":"0","cozystay_single_page_hide_page_title":"","cozystay_single_page_header_section_size":"","cozystay_single_page_header_background_color":"","cozystay_single_page_header_background_position_x":"center","cozystay_single_page_header_background_position_y":"center","cozystay_single_page_header_background_size":"cover","cozystay_single_page_header_background_repeat":"off","cozystay_single_page_header_background_scroll":"on","cozystay_single_page_header_text_color":"","cozystay_single_page_header_show_breadcrumb":"","cozystay_single_page_site_footer_hide_main":"","cozystay_single_custom_site_footer_main_source":"","cozystay_single_custom_site_footer_main":"0","cozystay_single_page_site_footer_hide_above":"","cozystay_single_custom_site_footer_above_source":"","cozystay_single_custom_site_footer_above":"0","cozystay_single_page_site_footer_hide_instagram":"","cozystay_single_page_site_footer_hide_bottom":"","cozystay_single_custom_mobile_menu_source":"","cozystay_single_custom_mobile_menu":"0","cozystay_single_custom_mobile_menu_animation":"","cozystay_single_custom_mobile_menu_width":"","cozystay_single_custom_mobile_menu_custom_width":375,"footnotes":""},"class_list":["post-29","page","type-page","status-publish","hentry"],"_links":{"self":[{"href":"https:\/\/ilmaveere.ee\/dev\/wp-json\/wp\/v2\/pages\/29","targetHints":{"allow":["GET"]}}],"collection":[{"href":"https:\/\/ilmaveere.ee\/dev\/wp-json\/wp\/v2\/pages"}],"about":[{"href":"https:\/\/ilmaveere.ee\/dev\/wp-json\/wp\/v2\/types\/page"}],"author":[{"embeddable":true,"href":"https:\/\/ilmaveere.ee\/dev\/wp-json\/wp\/v2\/users\/1"}],"replies":[{"embeddable":true,"href":"https:\/\/ilmaveere.ee\/dev\/wp-json\/wp\/v2\/comments?post=29"}],"version-history":[{"count":17,"href":"https:\/\/ilmaveere.ee\/dev\/wp-json\/wp\/v2\/pages\/29\/revisions"}],"predecessor-version":[{"id":21743,"href":"https:\/\/ilmaveere.ee\/dev\/wp-json\/wp\/v2\/pages\/29\/revisions\/21743"}],"wp:attachment":[{"href":"https:\/\/ilmaveere.ee\/dev\/wp-json\/wp\/v2\/media?parent=29"}],"curies":[{"name":"wp","href":"https:\/\/api.w.org\/{rel}","templated":true}]}}